{"id":2923,"date":"2021-10-19T14:42:08","date_gmt":"2021-10-19T12:42:08","guid":{"rendered":"https:\/\/www.gabol.it\/?post_type=product&#038;p=2923"},"modified":"2025-01-27T15:17:02","modified_gmt":"2025-01-27T14:17:02","slug":"arugol-men-gel-detergente","status":"publish","type":"product","link":"https:\/\/www.gabol.it\/en\/product\/arugol-men-gel-detergente\/","title":{"rendered":"Arugol men cleasing gel"},"content":{"rendered":"<p>E&#8217; un fluido dalla Texture soffice, ideale per la detersione quotidiana di viso e corpo oltre che per la rasatura di pelli sensibili e delicate. Dalla consistenza morbida e colorazione azzurro\/trasparente che ne favorisce la definizione durante il trattamento.<br \/>\nArugol Men Gel detergente \u00e8 a base di Acido Ialuronico e Acidi della Frutta, che conferiscono qualit\u00e0 lenitive, emollienti, idratanti e tonificanti. Proteine idrolizzate della Seta le cui propriet\u00e0 condizionanti e ammorbidenti del pelo favoriscono una rasatura perfetta e precisa senza arrossamenti e irritazioni anche nei contorni di baffi, pizzetti, basette, cuoio capelluto e per i peli superflui di tutto il corpo. <\/p>","protected":false},"excerpt":{"rendered":"<p>Delicate fluid cleansing and shaving<br \/>\nSensitive skin<\/p>","protected":false},"featured_media":2924,"comment_status":"closed","ping_status":"closed","template":"","meta":{"slim_seo":{"title":"Arugol Men Gel Detergente - GABOL Srl","description":"Fluido delicato, detersione e rasatura Pelli Sensibili"}},"product_brand":[120],"product_cat":[52],"product_tag":[],"class_list":{"0":"post-2923","1":"product","2":"type-product","3":"status-publish","4":"has-post-thumbnail","6":"product_brand-gabol-srl","7":"product_cat-dermatologia","9":"first","10":"instock","11":"taxable","12":"shipping-taxable","13":"purchasable","14":"product-type-simple"},"_links":{"self":[{"href":"https:\/\/www.gabol.it\/en\/wp-json\/wp\/v2\/product\/2923","targetHints":{"allow":["GET"]}}],"collection":[{"href":"https:\/\/www.gabol.it\/en\/wp-json\/wp\/v2\/product"}],"about":[{"href":"https:\/\/www.gabol.it\/en\/wp-json\/wp\/v2\/types\/product"}],"replies":[{"embeddable":true,"href":"https:\/\/www.gabol.it\/en\/wp-json\/wp\/v2\/comments?post=2923"}],"wp:featuredmedia":[{"embeddable":true,"href":"https:\/\/www.gabol.it\/en\/wp-json\/wp\/v2\/media\/2924"}],"wp:attachment":[{"href":"https:\/\/www.gabol.it\/en\/wp-json\/wp\/v2\/media?parent=2923"}],"wp:term":[{"taxonomy":"product_brand","embeddable":true,"href":"https:\/\/www.gabol.it\/en\/wp-json\/wp\/v2\/product_brand?post=2923"},{"taxonomy":"product_cat","embeddable":true,"href":"https:\/\/www.gabol.it\/en\/wp-json\/wp\/v2\/product_cat?post=2923"},{"taxonomy":"product_tag","embeddable":true,"href":"https:\/\/www.gabol.it\/en\/wp-json\/wp\/v2\/product_tag?post=2923"}],"curies":[{"name":"wp","href":"https:\/\/api.w.org\/{rel}","templated":true}]}}