{"id":1366,"date":"2017-11-13T11:20:30","date_gmt":"2017-11-13T10:20:30","guid":{"rendered":"http:\/\/www.gabol.it\/?post_type=product&#038;p=1366"},"modified":"2025-01-27T15:17:02","modified_gmt":"2025-01-27T14:17:02","slug":"clarox-lacrime-artificiali","status":"publish","type":"product","link":"https:\/\/www.gabol.it\/en\/product\/clarox-lacrime-artificiali\/","title":{"rendered":"Clarox artificial tears"},"content":{"rendered":"<p>Soluzione Oftalmica a base di Sodio Ialuronato, sterile, tamponata, autopreservata, isosmotica, biocompatibile, ad elevato potere lubrificante ed idratante. La sua formula delicata ed altamente biocompatibile contenente Sodio Ialuronato in soluzione tamponata che rende Clarox adatto al trattamento di occhi secchi, sensibili, stanchi per prolungato uso del computer, con insufficiente lacrimazione, con sensazione di irritazione in ambienti chiusi, fumosi o con aria condizionata, con sensazione di corpo estraneo dovuta ad esposizione a vento e polvere. Clarox \u00e8 indicato per i portatori di lenti a contatto, si pu\u00f2 utilizzo pi\u00f9 volte al giorno al bisogno. Non testato sugli animali, non contiene conservanti il prodotto va utilizzato entro 90 giorni dall&#8217;apertura.<\/p>","protected":false},"excerpt":{"rendered":"<p>Ophthalmic solution with Sodium Hyaluronate with lubricating, regenerating, protective and moisturising action.<\/p>","protected":false},"featured_media":1370,"comment_status":"closed","ping_status":"closed","template":"","meta":{"slim_seo":{"title":"Clarox lacrime artificiali - GABOL Srl","description":"Ophthalmic solution with Sodium Hyaluronate with lubricating, regenerating, protective and moisturising action."}},"product_brand":[120],"product_cat":[51],"product_tag":[83,84,89],"class_list":{"0":"post-1366","1":"product","2":"type-product","3":"status-publish","4":"has-post-thumbnail","6":"product_brand-gabol-srl","7":"product_cat-oculistica","8":"product_tag-clarox","9":"product_tag-lacrime-artificiali","10":"product_tag-vetrina","12":"first","13":"instock","14":"taxable","15":"shipping-taxable","16":"purchasable","17":"product-type-simple"},"_links":{"self":[{"href":"https:\/\/www.gabol.it\/en\/wp-json\/wp\/v2\/product\/1366","targetHints":{"allow":["GET"]}}],"collection":[{"href":"https:\/\/www.gabol.it\/en\/wp-json\/wp\/v2\/product"}],"about":[{"href":"https:\/\/www.gabol.it\/en\/wp-json\/wp\/v2\/types\/product"}],"replies":[{"embeddable":true,"href":"https:\/\/www.gabol.it\/en\/wp-json\/wp\/v2\/comments?post=1366"}],"wp:featuredmedia":[{"embeddable":true,"href":"https:\/\/www.gabol.it\/en\/wp-json\/wp\/v2\/media\/1370"}],"wp:attachment":[{"href":"https:\/\/www.gabol.it\/en\/wp-json\/wp\/v2\/media?parent=1366"}],"wp:term":[{"taxonomy":"product_brand","embeddable":true,"href":"https:\/\/www.gabol.it\/en\/wp-json\/wp\/v2\/product_brand?post=1366"},{"taxonomy":"product_cat","embeddable":true,"href":"https:\/\/www.gabol.it\/en\/wp-json\/wp\/v2\/product_cat?post=1366"},{"taxonomy":"product_tag","embeddable":true,"href":"https:\/\/www.gabol.it\/en\/wp-json\/wp\/v2\/product_tag?post=1366"}],"curies":[{"name":"wp","href":"https:\/\/api.w.org\/{rel}","templated":true}]}}